{"id":728,"date":"2019-07-31T15:22:38","date_gmt":"2019-07-31T15:22:38","guid":{"rendered":"http:\/\/www.marymar-mallorca.com\/home\/"},"modified":"2025-03-02T18:53:53","modified_gmt":"2025-03-02T18:53:53","slug":"home","status":"publish","type":"page","link":"http:\/\/www.marymar-mallorca.com\/de\/","title":{"rendered":"Home"},"content":{"rendered":"<!--themify_builder_content-->\n<div id=\"themify_builder_content-728\" data-postid=\"728\" class=\"themify_builder_content themify_builder_content-728 themify_builder tf_clear\">\n                    <div  data-anchor=\"mar-y-mar\" data-css_id=\"1ta8475\" data-lazy=\"1\" class=\"module_row themify_builder_row home_seccion_1 fullwidth_row_container tb_has_section tb_section-mar-y-mar tb_1ta8475 tb_first tf_w\">\n                        <div class=\"row_inner col_align_top tb_col_count_1 tf_box tf_rel\">\n                        <div  data-lazy=\"1\" class=\"module_column tb-column col-full tb_ged2478 first\">\n                    <!-- module plain text -->\n<div  class=\"module module-plain-text tb_dvkn478 \" data-lazy=\"1\">\n        <div class=\"tb_text_wrap\">\n    <h3>Mar y Mar Restaurant &#038; Beach Bar<\/h3>\n<h4>Es ist mehr als ein Halt auf deinem Weg. Geniesse die Zeit.<\/h4>\n<h5>Entspanne dich in unseren <span>5 verschiedenen<\/span> Bereichen<\/h5>    <\/div>\n<\/div>\n<!-- \/module plain text --><!-- module buttons -->\n<div  class=\"module module-buttons tb_02ya505 buttons-horizontal solid  squared wow\" data-tf-animation=\"flash\" data-tf-animation_repeat=\"10\" data-lazy=\"1\">\n        <div class=\"module-buttons-item tf_in_flx\">\n                        <a href=\"https:\/\/marymar.myrestoo.net\/en\/reservar\" class=\"ui builder_button tf_in_flx orange\" >\n                                                RESERVIEREN                                        <\/a>\n                <\/div>\n            <\/div>\n<!-- \/module buttons -->\n        <\/div>\n                        <\/div>\n        <\/div>\n                        <div  data-css_id=\"kypu476\" id=\"mancha\" data-lazy=\"1\" class=\"module_row themify_builder_row home_seccion_2 fullwidth_row_container tb_kypu476 tf_w\">\n                        <div class=\"row_inner col_align_top tb_col_count_1 tf_box tf_rel\">\n                        <div  data-lazy=\"1\" class=\"module_column tb-column col-full tb_5vi0479 first\">\n                    <!-- module plain text -->\n<div  class=\"module module-plain-text tb_qb6t479 \" data-lazy=\"1\">\n        <div class=\"tb_text_wrap\">\n    <img decoding=\"async\" src=\"\/wp-content\/uploads\/2019\/08\/heading_more_than_fusion.svg\" alt=\"More than Fusion\" class=\"titulo_antes\" \/>\n<h3>Mehr als Fusion<\/h3>\n    <\/div>\n<\/div>\n<!-- \/module plain text -->        <div  data-lazy=\"1\" class=\"module_subrow themify_builder_sub_row tf_w gutter-narrow col_align_top tb_col_count_3 tb_80v9480\">\n                <div  data-lazy=\"1\" class=\"module_column sub_column col3-1 tb_zmxd480 first\">\n                    <!-- module plain text -->\n<div  class=\"module module-plain-text tb_5574480 \" data-lazy=\"1\">\n        <div class=\"tb_text_wrap\">\n    <div class=\"bloque_especial\">\n<img decoding=\"async\" src=\"\/wp-content\/uploads\/2019\/08\/more_than_fusion_frame_1.svg\" alt=\"Borde Gradiente\" \/>\n<div class=\"bloque_texto\">\n\n<p>Konsestenz und Geschmack ergeben <span>die F\u00e4higkeit zur Hypnotisierung.<\/span><\/p>\n<p>Lokale Produkte verbunden mit einzigartigem internationalem Geschmack.<\/p>\n\n<\/div>\n<\/div>    <\/div>\n<\/div>\n<!-- \/module plain text -->        <\/div>\n                    <div  data-lazy=\"1\" class=\"module_column sub_column col3-1 tb_ahq5480\">\n                    <!-- module plain text -->\n<div  class=\"module module-plain-text tb_xoe4481 \" data-lazy=\"1\">\n        <div class=\"tb_text_wrap\">\n    <div class=\"bloque_especial\">\n<img decoding=\"async\" src=\"\/wp-content\/uploads\/2019\/08\/more_than_fusion_frame_2.svg\" alt=\"Borde Gradiente\" \/>\n<div class=\"bloque_texto\">\n<p><span>Entdecke eine Oase der Entspannung<\/span> und komme zur\u00fcck so oft Du magst, um diese Erfahrungen zu wiederholen.<\/p>\n<\/div>\n<\/div>    <\/div>\n<\/div>\n<!-- \/module plain text -->        <\/div>\n                    <div  data-lazy=\"1\" class=\"module_column sub_column col3-1 tb_gxh8481 last\">\n                    <!-- module plain text -->\n<div  class=\"module module-plain-text tb_2t72481 \" data-lazy=\"1\">\n        <div class=\"tb_text_wrap\">\n    <div class=\"bloque_especial\">\n<img decoding=\"async\" src=\"\/wp-content\/uploads\/2019\/08\/more_than_fusion_frame_3.svg\" alt=\"Borde Gradiente\" \/>\n<div class=\"bloque_texto\">\n<p><span>Nutze die M\u00f6glichkeiten, die unsere Speisekarte bietet.<\/span>\nOb eine Kleinigkeit zum Teilen oder ein romantisches Abendessen im Kerzenschein, \ndas ist eure Entscheidung, die Hauptsache jedoch ist, den Moment zu geniessen.<\/p>\n<\/div>\n<\/div>    <\/div>\n<\/div>\n<!-- \/module plain text -->        <\/div>\n                    <\/div>\n                <div  data-lazy=\"1\" class=\"module_subrow themify_builder_sub_row tf_w col_align_top tb_col_count_1 tb_xf94481\">\n                <div  data-lazy=\"1\" class=\"module_column sub_column col-full tb_nafb481 first\">\n                    <!-- module plain text -->\n<div  class=\"module module-plain-text tb_son0482 texto\" data-lazy=\"1\">\n        <div class=\"tb_text_wrap\">\n    <p>Die Vielfalt spiegelt sich auch in dem Team das sich aus 23 verschiedenen Nationalit\u00e4ten  zusammen stellt. Jedes Team Mitglied bringt seinen eigenen Background, F\u00e4higkeiten \nund Geschichte mit.<\/p>\n<p>Seid Ihr bereit f\u00fcr die Mar Y Mar Erfahrung?<\/p>\n<h5>Geniessen Sie die Reise <\/h5>    <\/div>\n<\/div>\n<!-- \/module plain text -->        <\/div>\n                    <\/div>\n                <\/div>\n                        <\/div>\n        <\/div>\n                        <div  data-anchor=\"speisekarte\" data-css_id=\"bp2g476\" data-lazy=\"1\" class=\"module_row themify_builder_row home_seccion_3 fullwidth_row_container tb_has_section tb_section-speisekarte tb_bp2g476 tf_w\">\n                        <div class=\"row_inner col_align_top tb_col_count_1 tf_box tf_rel\">\n                        <div  data-lazy=\"1\" class=\"module_column tb-column col-full tb_8nut482 first\">\n                    <!-- module plain text -->\n<div  class=\"module module-plain-text tb_vkna482 \" data-lazy=\"1\">\n        <div class=\"tb_text_wrap\">\n    <img decoding=\"async\" src=\"\/wp-content\/uploads\/2019\/08\/heading_the_menu.svg\" alt=\"More than Fusion\" class=\"titulo_antes\" \/>\n\n<h3>Die Speisenkarte<\/h3>\n<h4>Auf was habt ihr heute Lust? <\/h4>    <\/div>\n<\/div>\n<!-- \/module plain text -->        <div  data-lazy=\"1\" class=\"module_subrow themify_builder_sub_row tf_w gutter-narrow col_align_top tb_col_count_2 tb_kwxn482\">\n                <div  data-lazy=\"1\" class=\"module_column sub_column col2-1 tb_vfke483 first\">\n                    <!-- module plain text -->\n<div  class=\"module module-plain-text tb_57lf483 bloque\" data-lazy=\"1\">\n        <div class=\"tb_text_wrap\">\n    <p>Egal woher Du kommst, vom Meer oder Land, das Team vom Mar Y Mar wird Sie verw\u00f6hnen.<\/p>\n\n<p>Unsere Speisenkarte wechselt zu jeder Jahreszeit.<\/p>    <\/div>\n<\/div>\n<!-- \/module plain text -->        <\/div>\n                    <div  data-lazy=\"1\" class=\"module_column sub_column col2-1 tb_522k483 last\">\n                    <!-- module plain text -->\n<div  class=\"module module-plain-text tb_yi2b483 bloque\" data-lazy=\"1\">\n        <div class=\"tb_text_wrap\">\n    <p>Zelebrieren Sie die wichtigste Zeit in der besten Location. Geniessen Sie jeden Moment mit der Familie, Freunden oder sich selber. Wir haben eine spezielle Aperitiv-Karte zusammen gestellt f\u00fcr die Zeit in unserer Strandbar.<\/p>\n\n<p>S\u00fcss oder Salzig ? Auf was hast Du Lust?<\/p>    <\/div>\n<\/div>\n<!-- \/module plain text -->        <\/div>\n                    <\/div>\n                <\/div>\n                        <\/div>\n        <\/div>\n                        <div  data-css_id=\"sgxd426\" data-lazy=\"1\" class=\"module_row themify_builder_row home_seccion_4 fullwidth_row_container tb_sgxd426 tf_w\">\n                        <div class=\"row_inner gutter-narrow col_align_top tb_col_count_2 tf_box tf_rel\">\n                        <div  data-lazy=\"1\" class=\"module_column tb-column col4-2 tb_pvr3426 flex_bg first\">\n                    <!-- module image pro -->\n<div  class=\"module module-pro-image tb_dged427 filter-none effect-none fullwidth_image  tf_texti   entrance-effect-none\" data-lazy=\"1\" data-entrance-effect=\"none\" data-exit-effect=\"\" >\n\t\n    <div class=\"image-pro-wrap tf_rel tf_overflow tf_inline_b\">\n\t\t\t\t<div class=\"image-pro-flip-box-wrap tf_rel tf_w tf_overflow\">\n\t\t\t<div class=\"image-pro-flip-box tf_rel\">\n\n\t\t\t\t<img loading=\"lazy\" decoding=\"async\" width=\"558\" height=\"413\" src=\"http:\/\/www.marymar-mallorca.com\/wp-content\/uploads\/2019\/08\/the_menu_fondo_1.jpg\" class=\"wp-post-image wp-image-578\" title=\"&lt;a href=&quot;http:\/\/www.marymar-mallorca.com\/#the-menu&quot; target=&quot;_blank&quot;&gt;&lt;img src=&quot;\/wp-content\/uploads\/2019\/08\/carta_food.svg&quot; title=&quot;Delight Experience&quot; class=&quot;titulo_imagen&quot;&gt;&lt;\/a&gt;\" alt=\"&lt;a href=&quot;http:\/\/www.marymar-mallorca.com\/#the-menu&quot; target=&quot;_blank&quot;&gt;&lt;img src=&quot;\/wp-content\/uploads\/2019\/08\/carta_food.svg&quot; title=&quot;Delight Experience&quot; class=&quot;titulo_imagen&quot;&gt;&lt;\/a&gt;\" srcset=\"http:\/\/www.marymar-mallorca.com\/wp-content\/uploads\/2019\/08\/the_menu_fondo_1.jpg 558w, http:\/\/www.marymar-mallorca.com\/wp-content\/uploads\/2019\/08\/the_menu_fondo_1-300x222.jpg 300w\" sizes=\"auto, (max-width: 558px) 100vw, 558px\" \/>\n\t\t\t\t\t\t\t\t\t<div class=\"image-pro-overlay none tf_abs\">\n\n\t\t\t\t\t\t\n\t\t\t\t\t\t<div class=\"image-pro-overlay-inner\">\n\n\t\t\t\t\t\t\t\t\t\t\t\t\t\t\t<h4 class=\"image-pro-entity image-pro-title\"><a href=\"http:\/\/www.marymar-mallorca.com\/#the-menu\" target=\"_blank\"><img decoding=\"async\" src=\"\/wp-content\/uploads\/2019\/08\/carta_food.svg\" title=\"Delight Experience\" class=\"titulo_imagen\"><\/a><\/h4>\n\t\t\t\t\t\t\t\t\n\t\t\t\t\t\t\t\n\t\t\t\t\t\t\t\n\t\t\t\t\t\t<\/div>\n\t\t\t\t\t<\/div><!-- .image-pro-overlay -->\n\t\t\t\t\n\t\t\t<\/div>\n\t\t<\/div>\n\n    <\/div><!-- .image-pro-wrap -->\n\n\t\n\t\n\t<\/div><!-- \/module image pro --><!-- module plain text -->\n<div  class=\"module module-plain-text tb_hom9427 contenedor_lista\" data-lazy=\"1\">\n        <div class=\"tb_text_wrap\">\n    <div class=\"listas\">\n<ul class=\"izquierda\">\n<li class=\"texto\">Todo el a\u00f1o<\/li>\n<\/ul>\n<ul class=\"derecha\">\n<li class=\"imagen\"><img decoding=\"async\" src=\"\/wp-content\/uploads\/2019\/08\/icono_sol.svg\" alt=\"Daytime\" \/><\/li>\n<li class=\"imagen\"><img decoding=\"async\" src=\"\/wp-content\/uploads\/2019\/08\/icono_luna.svg\" alt=\"Nighttime\" \/><\/li>\n<\/ul>\n<\/div>    <\/div>\n<\/div>\n<!-- \/module plain text --><!-- module plain text -->\n<div  class=\"module module-plain-text tb_srzp427 enlace\" data-lazy=\"1\">\n        <div class=\"tb_text_wrap\">\n    <a href=\"http:\/\/www.marymar-mallorca.com\/menu\/\">SEHE HIER DIE GANZE SPEISENKARTE<\/a>    <\/div>\n<\/div>\n<!-- \/module plain text -->        <\/div>\n                    <div  data-lazy=\"1\" class=\"module_column tb-column col4-2 tb_q4ty427 flex_bg last\">\n                    <!-- module image pro -->\n<div  class=\"module module-pro-image tb_lut9427 filter-none effect-none fullwidth_image  tf_texti   entrance-effect-none\" data-lazy=\"1\" data-entrance-effect=\"none\" data-exit-effect=\"\" >\n\t\n    <div class=\"image-pro-wrap tf_rel tf_overflow tf_inline_b\">\n\t\t\t\t<div class=\"image-pro-flip-box-wrap tf_rel tf_w tf_overflow\">\n\t\t\t<div class=\"image-pro-flip-box tf_rel\">\n\n\t\t\t\t<img loading=\"lazy\" decoding=\"async\" width=\"558\" height=\"413\" src=\"http:\/\/www.marymar-mallorca.com\/wp-content\/uploads\/2019\/08\/the_menu_fondo_2.jpg\" class=\"wp-post-image wp-image-580\" title=\"&lt;a href=&quot;http:\/\/www.marymar-mallorca.com\/#the-menu&quot; target=&quot;_blank&quot;&gt;&lt;img src=&quot;\/wp-content\/uploads\/2019\/08\/carta_drinks.svg&quot; title=&quot;Delight Experience&quot; class=&quot;titulo_imagen&quot;&gt;&lt;\/a&gt;\" alt=\"&lt;a href=&quot;http:\/\/www.marymar-mallorca.com\/#the-menu&quot; target=&quot;_blank&quot;&gt;&lt;img src=&quot;\/wp-content\/uploads\/2019\/08\/carta_drinks.svg&quot; title=&quot;Delight Experience&quot; class=&quot;titulo_imagen&quot;&gt;&lt;\/a&gt;\" srcset=\"http:\/\/www.marymar-mallorca.com\/wp-content\/uploads\/2019\/08\/the_menu_fondo_2.jpg 558w, http:\/\/www.marymar-mallorca.com\/wp-content\/uploads\/2019\/08\/the_menu_fondo_2-300x222.jpg 300w\" sizes=\"auto, (max-width: 558px) 100vw, 558px\" \/>\n\t\t\t\t\t\t\t\t\t<div class=\"image-pro-overlay none tf_abs\">\n\n\t\t\t\t\t\t\n\t\t\t\t\t\t<div class=\"image-pro-overlay-inner\">\n\n\t\t\t\t\t\t\t\t\t\t\t\t\t\t\t<h4 class=\"image-pro-entity image-pro-title\"><a href=\"http:\/\/www.marymar-mallorca.com\/#the-menu\" target=\"_blank\"><img decoding=\"async\" src=\"\/wp-content\/uploads\/2019\/08\/carta_drinks.svg\" title=\"Delight Experience\" class=\"titulo_imagen\"><\/a><\/h4>\n\t\t\t\t\t\t\t\t\n\t\t\t\t\t\t\t\n\t\t\t\t\t\t\t\n\t\t\t\t\t\t<\/div>\n\t\t\t\t\t<\/div><!-- .image-pro-overlay -->\n\t\t\t\t\n\t\t\t<\/div>\n\t\t<\/div>\n\n    <\/div><!-- .image-pro-wrap -->\n\n\t\n\t\n\t<\/div><!-- \/module image pro --><!-- module plain text -->\n<div  class=\"module module-plain-text tb_4xta427 contenedor_lista\" data-lazy=\"1\">\n        <div class=\"tb_text_wrap\">\n    <div class=\"listas\">\n<ul class=\"izquierda\">\n<li class=\"texto\">Abril &#8211; Noviembre<\/li>\n<\/ul>\n<ul class=\"derecha\">\n<li  class=\"imagen\"><img decoding=\"async\" src=\"\/wp-content\/uploads\/2019\/08\/icono_sol.svg\" alt=\"Daytime\" \/><\/li>\n<\/ul>\n<\/div>    <\/div>\n<\/div>\n<!-- \/module plain text --><!-- module plain text -->\n<div  class=\"module module-plain-text tb_a823427 enlace\" data-lazy=\"1\">\n        <div class=\"tb_text_wrap\">\n    <a href=\"http:\/\/www.marymar-mallorca.com\/menu\/\">SEHE HIER DIE GANZE SPEISENKARTE<\/a>    <\/div>\n<\/div>\n<!-- \/module plain text -->        <\/div>\n                        <\/div>\n        <\/div>\n                        <div  data-css_id=\"sfpc931\" data-lazy=\"1\" class=\"module_row themify_builder_row home_seccion_5 fullwidth_row_container tb_sfpc931 tf_w\">\n                        <div class=\"row_inner col_align_top tb_col_count_1 tf_box tf_rel\">\n                        <div  data-lazy=\"1\" class=\"module_column tb-column col-full tb_73bj932 first\">\n                    <!-- module plain text -->\n<div  class=\"module module-plain-text tb_zd3p932 grid-container\" data-lazy=\"1\">\n        <div class=\"tb_text_wrap\">\n    <div class=\"grid-container\">\n  <div class=\"div1\">\n    <img decoding=\"async\" src=\"\/wp-content\/uploads\/2019\/08\/the_menu_tiki_bar_blanco.svg\" alt=\"Tiki bar\" title=\"Tiki Bar\" class=\"imagen_logo\" \/>\n  <\/div>\n  <div class=\"div2\">\n    <h4>Wenn Du dich diesen Sommer mal \u00fcberraschen lassen und  einen kreativen neuen Cocktail geniessen m\u00f6chtest, dann warten wir auf euch ab 18:00 Uhr an unserer Tiki Bar.<\/h4>\n    <div class=\"enlace\">\n        <a href=\"http:\/\/www.marymar-mallorca.com\/#the-menu\" target=\"_blank\">SEHE HIER DIE GANZE COCKTAIL KARTE<\/a>\n    <\/div>\n   <\/div>\n  <div class=\"div3\">\n    <ul>\n        <li class=\"texto\">Abril &#8211; Noviembre \u00f6ffnet 6:00 PM<\/li>\n        <li class=\"imagen\"><img decoding=\"async\" src=\"\/wp-content\/uploads\/2019\/08\/icono_luna.svg\" alt=\"Nighttime\" \/><\/li>\n    <\/ul>\n   <\/div>\n<\/div>    <\/div>\n<\/div>\n<!-- \/module plain text -->        <\/div>\n                        <\/div>\n        <\/div>\n                        <div  data-anchor=\"fotos\" data-css_id=\"31wr476\" data-lazy=\"1\" class=\"module_row themify_builder_row home_seccion_6 fullwidth_row_container tb_has_section tb_section-fotos tb_31wr476 tf_w\">\n                        <div class=\"row_inner gutter-narrow col_align_top tb_col_count_2 tf_box tf_rel\">\n                        <div  data-lazy=\"1\" class=\"module_column tb-column col4-2 tb_i9lv486 first\">\n                    <!-- module plain text -->\n<div  class=\"module module-plain-text tb_2nmp486 fondo_mancha\" data-lazy=\"1\">\n        <div class=\"tb_text_wrap\">\n    <h3>Zelebriere jeden Moment<\/h3>\n<h4>Stell es dir nicht nur vor, lebe es.<\/h4>\n<div class=\"cuadro\">\n<span>Ganzj\u00e4hrig ge\u00f6ffnet<\/span>\n<\/div>    <\/div>\n<\/div>\n<!-- \/module plain text -->        <\/div>\n                    <div  data-lazy=\"1\" class=\"module_column tb-column col4-2 tb_dl1h486 last\">\n                            <\/div>\n                        <\/div>\n        <\/div>\n                        <div  data-anchor=\"bereiche\" data-css_id=\"wpn2476\" data-lazy=\"1\" class=\"module_row themify_builder_row home_seccion_7 fullwidth_row_container tb_has_section tb_section-bereiche tb_wpn2476 tf_w\">\n                        <div class=\"row_inner col_align_top tb_col_count_1 tf_box tf_rel\">\n                        <div  data-lazy=\"1\" class=\"module_column tb-column col-full tb_8m0x487 first\">\n                    <!-- module plain text -->\n<div  class=\"module module-plain-text tb_gii8487 \" data-lazy=\"1\">\n        <div class=\"tb_text_wrap\">\n    <img decoding=\"async\" src=\"\/wp-content\/uploads\/2019\/08\/heading_the_place.svg\" alt=\"The Place\" class=\"titulo_antes\" \/>\n<h3>Die Location<\/h3>\n<h4>Sp\u00fcre die Verwandlung vom MAR Y MAR<\/h4>\n\n<p><span>Unsere 5 verschiedenen Bereiche<\/span> f\u00fcr die richtige Stimmung. Egal um wie viel Uhr, oder mit wem Du den Tag verbringst, wir sind daf\u00fcr da dass Ihr euch wolhf\u00fchlt.<\/p>    <\/div>\n<\/div>\n<!-- \/module plain text -->        <\/div>\n                        <\/div>\n        <\/div>\n                        <div  data-css_id=\"y50g476\" data-lazy=\"1\" class=\"module_row themify_builder_row home_seccion_8 fullwidth_row_container tb_y50g476 tf_w\">\n                        <div class=\"row_inner col_align_top tb_col_count_1 tf_box tf_rel\">\n                        <div  data-lazy=\"1\" class=\"module_column tb-column col-full tb_j1yq487 first\">\n                            <div  data-lazy=\"1\" class=\"module_subrow themify_builder_sub_row tf_w constraint flex_reverse gutter-none col_align_middle tb_col_count_2 tb_5m1f487\">\n                <div  data-lazy=\"1\" class=\"module_column sub_column col3-2 tb_ocgs488 first\">\n                            <\/div>\n                    <div  data-lazy=\"1\" class=\"module_column sub_column col3-1 tb_e7ob488 last\">\n                    <!-- module plain text -->\n<div  class=\"module module-plain-text tb_arft488 \" data-lazy=\"1\">\n        <div class=\"tb_text_wrap\">\n    <h4>Die Terrasse<\/h4>\n<h5>Elegant<\/h5>    <\/div>\n<\/div>\n<!-- \/module plain text -->        <\/div>\n                    <\/div>\n                <div  data-lazy=\"1\" class=\"module_subrow themify_builder_sub_row tf_w constraint gutter-none col_align_middle tb_col_count_2 tb_09m6488\">\n                <div  data-lazy=\"1\" class=\"module_column sub_column col3-1 tb_uhzq488 first\">\n                    <!-- module plain text -->\n<div  class=\"module module-plain-text tb_42bb488 \" data-lazy=\"1\">\n        <div class=\"tb_text_wrap\">\n    <h4>Das Chiringuito<\/h4>\n<h5>Vertr\u00e4umt<\/h5>    <\/div>\n<\/div>\n<!-- \/module plain text -->        <\/div>\n                    <div  data-lazy=\"1\" class=\"module_column sub_column col3-2 tb_pcql488 last\">\n                            <\/div>\n                    <\/div>\n                <div  data-lazy=\"1\" class=\"module_subrow themify_builder_sub_row tf_w constraint flex_reverse gutter-none col_align_middle tb_col_count_2 tb_q3az489\">\n                <div  data-lazy=\"1\" class=\"module_column sub_column col3-2 tb_exto489 first\">\n                            <\/div>\n                    <div  data-lazy=\"1\" class=\"module_column sub_column col3-1 tb_k5bf489 last\">\n                    <!-- module plain text -->\n<div  class=\"module module-plain-text tb_68ok489 \" data-lazy=\"1\">\n        <div class=\"tb_text_wrap\">\n    <h4>Der Innenbereich<\/h4>\n<h5>Neugierig<\/h5>    <\/div>\n<\/div>\n<!-- \/module plain text -->        <\/div>\n                    <\/div>\n                <div  data-lazy=\"1\" class=\"module_subrow themify_builder_sub_row tf_w constraint gutter-none col_align_middle tb_col_count_2 tb_1yab490\">\n                <div  data-lazy=\"1\" class=\"module_column sub_column col3-1 tb_wksm490 first\">\n                    <!-- module plain text -->\n<div  class=\"module module-plain-text tb_eero490 \" data-lazy=\"1\">\n        <div class=\"tb_text_wrap\">\n    <h4>Die Lounge<\/h4>\n<h5>Romantisch<\/h5>    <\/div>\n<\/div>\n<!-- \/module plain text -->        <\/div>\n                    <div  data-lazy=\"1\" class=\"module_column sub_column col3-2 tb_d7am490 last\">\n                            <\/div>\n                    <\/div>\n                <div  data-lazy=\"1\" class=\"module_subrow themify_builder_sub_row tf_w constraint flex_reverse gutter-none col_align_middle tb_col_count_2 tb_djm5490\">\n                <div  data-lazy=\"1\" class=\"module_column sub_column col3-2 tb_91zg491 first\">\n                            <\/div>\n                    <div  data-lazy=\"1\" class=\"module_column sub_column col3-1 tb_y9op491 last\">\n                    <!-- module plain text -->\n<div  class=\"module module-plain-text tb_k8ue491 \" data-lazy=\"1\">\n        <div class=\"tb_text_wrap\">\n    <h4>Die Tiki Bar<\/h4>\n<h5>Beschwingt<\/h5>    <\/div>\n<\/div>\n<!-- \/module plain text -->        <\/div>\n                    <\/div>\n                <\/div>\n                        <\/div>\n        <\/div>\n                        <div  data-css_id=\"jrcm476\" data-lazy=\"1\" class=\"module_row themify_builder_row home_seccion_9 fullwidth_row_container tb_jrcm476 tf_w\">\n                        <div class=\"row_inner col_align_top tb_col_count_1 tf_box tf_rel\">\n                        <div  data-lazy=\"1\" class=\"module_column tb-column col-full tb_r8i9491 first\">\n                    <!-- module plain text -->\n<div  class=\"module module-plain-text tb_8xpz491 \" data-lazy=\"1\">\n        <div class=\"tb_text_wrap\">\n    <p><span>5 verschiedene Pers\u00f6nlichkeiten<\/span> von Tag und Nacht. Das gleiche Paradies. <\/p>\n<h5>Mar Y Mar gibt es nur einmal.<\/h5>    <\/div>\n<\/div>\n<!-- \/module plain text -->        <\/div>\n                        <\/div>\n        <\/div>\n                        <div  data-anchor=\"das-team\" data-css_id=\"bu6n476\" data-lazy=\"1\" class=\"module_row themify_builder_row home_seccion_10 fullwidth_row_container tb_has_section tb_section-das-team tb_bu6n476 tf_w\">\n                        <div class=\"row_inner col_align_top tb_col_count_1 tf_box tf_rel\">\n                        <div  data-lazy=\"1\" class=\"module_column tb-column col-full tb_2wxs492 first\">\n                    <!-- module plain text -->\n<div  class=\"module module-plain-text tb_7m3e492 \" data-lazy=\"1\">\n        <div class=\"tb_text_wrap\">\n    <img decoding=\"async\" src=\"\/wp-content\/uploads\/2019\/08\/heading_the_team.svg\" alt=\"The Team\" class=\"titulo_antes\" \/>\n\n<h3>Das Team<\/h3>\n<h4>Uns treffen<\/h4>    <\/div>\n<\/div>\n<!-- \/module plain text --><!-- module plain text -->\n<div  class=\"module module-plain-text tb_b9nz492 \" data-lazy=\"1\">\n        <div class=\"tb_text_wrap\">\n    <div class=\"border_one\">\n<div class=\"border_two\">\n<p>Wir haben einen Deutsch-Italienischen Background mit Einfl\u00fcssen aus Miami.\n <span>Kim und Matteo<\/span> entwickeln ein neues Konzept der mediterranen, internationalen Lebensart.<\/p>\n<\/div>\n<\/div>    <\/div>\n<\/div>\n<!-- \/module plain text --><!-- module buttons -->\n<div  class=\"module module-buttons tb_4wsy456 buttons-horizontal solid  squared\" data-lazy=\"1\">\n        <div class=\"module-buttons-item tf_in_flx\">\n                        <a href=\"https:\/\/marymar.myrestoo.net\/en\/reservar\" class=\"ui builder_button tf_in_flx orange\" >\n                                                RESERVIEREN                                        <\/a>\n                <\/div>\n            <\/div>\n<!-- \/module buttons -->\n        <\/div>\n                        <\/div>\n        <\/div>\n        <\/div>\n<!--\/themify_builder_content-->","protected":false},"excerpt":{"rendered":"<p>Mar y Mar Restaurant &#038; Beach Bar Es ist mehr als ein Halt auf deinem Weg. Geniesse die Zeit. Entspanne dich in unseren 5 verschiedenen Bereichen RESERVIEREN Mehr als Fusion Konsestenz und Geschmack ergeben die F\u00e4higkeit zur Hypnotisierung. Lokale Produkte verbunden mit einzigartigem internationalem Geschmack. Entdecke eine Oase der Entspannung und komme zur\u00fcck so oft [&hellip;]<\/p>\n","protected":false},"author":9,"featured_media":0,"parent":0,"menu_order":0,"comment_status":"closed","ping_status":"open","template":"","meta":{"footnotes":""},"class_list":["post-728","page","type-page","status-publish","hentry","has-post-title","has-post-date","has-post-category","has-post-tag","has-post-comment","has-post-author",""],"_links":{"self":[{"href":"http:\/\/www.marymar-mallorca.com\/de\/wp-json\/wp\/v2\/pages\/728","targetHints":{"allow":["GET"]}}],"collection":[{"href":"http:\/\/www.marymar-mallorca.com\/de\/wp-json\/wp\/v2\/pages"}],"about":[{"href":"http:\/\/www.marymar-mallorca.com\/de\/wp-json\/wp\/v2\/types\/page"}],"author":[{"embeddable":true,"href":"http:\/\/www.marymar-mallorca.com\/de\/wp-json\/wp\/v2\/users\/9"}],"replies":[{"embeddable":true,"href":"http:\/\/www.marymar-mallorca.com\/de\/wp-json\/wp\/v2\/comments?post=728"}],"version-history":[{"count":51,"href":"http:\/\/www.marymar-mallorca.com\/de\/wp-json\/wp\/v2\/pages\/728\/revisions"}],"predecessor-version":[{"id":3492,"href":"http:\/\/www.marymar-mallorca.com\/de\/wp-json\/wp\/v2\/pages\/728\/revisions\/3492"}],"wp:attachment":[{"href":"http:\/\/www.marymar-mallorca.com\/de\/wp-json\/wp\/v2\/media?parent=728"}],"curies":[{"name":"wp","href":"https:\/\/api.w.org\/{rel}","templated":true}]}}