{"id":729,"date":"2019-07-31T15:22:38","date_gmt":"2019-07-31T15:22:38","guid":{"rendered":"http:\/\/www.marymar-mallorca.com\/home\/"},"modified":"2025-03-02T18:44:22","modified_gmt":"2025-03-02T18:44:22","slug":"home","status":"publish","type":"page","link":"http:\/\/www.marymar-mallorca.com\/es\/","title":{"rendered":"Home"},"content":{"rendered":"<!--themify_builder_content-->\n<div id=\"themify_builder_content-729\" data-postid=\"729\" class=\"themify_builder_content themify_builder_content-729 themify_builder tf_clear\">\n                    <div  data-anchor=\"mar-y-mar\" data-css_id=\"kfu5513\" data-lazy=\"1\" class=\"module_row themify_builder_row home_seccion_1 fullwidth_row_container tb_has_section tb_section-mar-y-mar tb_kfu5513 tb_first tf_w\">\n                        <div class=\"row_inner col_align_top tb_col_count_1 tf_box tf_rel\">\n                        <div  data-lazy=\"1\" class=\"module_column tb-column col-full tb_rcz6514 first\">\n                    <!-- module plain text -->\n<div  class=\"module module-plain-text tb_swdt514 \" data-lazy=\"1\">\n        <div class=\"tb_text_wrap\">\n    <h3>Mar y Mar Restaurante &#038; Beach Bar<\/h3>\n<h4>Es m\u00e1s que otra parada en el camino. D\u00e9jate llevar.<\/h4>\n<h5>Sum\u00e9rgete en <span>5 ambientes<\/span> diferentes y det\u00e9n el reloj.<\/h5>    <\/div>\n<\/div>\n<!-- \/module plain text --><!-- module buttons -->\n<div  class=\"module module-buttons tb_m2oc200 buttons-horizontal solid  squared wow\" data-tf-animation=\"flash\" data-tf-animation_repeat=\"10\" data-lazy=\"1\">\n        <div class=\"module-buttons-item tf_in_flx\">\n                        <a href=\"https:\/\/marymar.myrestoo.net\/en\/reservar\" class=\"ui builder_button tf_in_flx orange\" >\n                                                RESERVA UNA MESA                                        <\/a>\n                <\/div>\n            <\/div>\n<!-- \/module buttons -->\n        <\/div>\n                        <\/div>\n        <\/div>\n                        <div  data-css_id=\"6u7g513\" id=\"mancha\" data-lazy=\"1\" class=\"module_row themify_builder_row home_seccion_2 fullwidth_row_container tb_6u7g513 tf_w\">\n                        <div class=\"row_inner col_align_top tb_col_count_1 tf_box tf_rel\">\n                        <div  data-lazy=\"1\" class=\"module_column tb-column col-full tb_0b1y514 first\">\n                    <!-- module plain text -->\n<div  class=\"module module-plain-text tb_6t06514 \" data-lazy=\"1\">\n        <div class=\"tb_text_wrap\">\n    <img decoding=\"async\" src=\"\/wp-content\/uploads\/2019\/08\/heading_more_than_fusion.svg\" alt=\"More than Fusion\" class=\"titulo_antes\" \/>\n<h3>M\u00e1s que Fusi\u00f3n<\/h3>\n    <\/div>\n<\/div>\n<!-- \/module plain text -->        <div  data-lazy=\"1\" class=\"module_subrow themify_builder_sub_row tf_w gutter-narrow col_align_top tb_col_count_3 tb_9u0x515\">\n                <div  data-lazy=\"1\" class=\"module_column sub_column col3-1 tb_nrdk515 first\">\n                    <!-- module plain text -->\n<div  class=\"module module-plain-text tb_ut5r515 \" data-lazy=\"1\">\n        <div class=\"tb_text_wrap\">\n    <div class=\"bloque_especial\">\n<img decoding=\"async\" src=\"\/wp-content\/uploads\/2019\/08\/more_than_fusion_frame_1.svg\" alt=\"Borde Gradiente\" \/>\n<div class=\"bloque_texto\">\n<p><span>Texturas, sabores y sensaciones capaces de hipnotizarte<\/span>. Materias primas locales de km. 0 combinadas con vibrantes sabores internacionales<\/p>\n<\/div>\n<\/div>    <\/div>\n<\/div>\n<!-- \/module plain text -->        <\/div>\n                    <div  data-lazy=\"1\" class=\"module_column sub_column col3-1 tb_qopa515\">\n                    <!-- module plain text -->\n<div  class=\"module module-plain-text tb_me37515 \" data-lazy=\"1\">\n        <div class=\"tb_text_wrap\">\n    <div class=\"bloque_especial\">\n<img decoding=\"async\" src=\"\/wp-content\/uploads\/2019\/08\/more_than_fusion_frame_2.svg\" alt=\"Borde Gradiente\" \/>\n<div class=\"bloque_texto\">\n<p>Encuentra tu <span>oasis particular<\/span> y vuelve siempre que quieras a revivir la sensaci\u00f3n de parar el tiempo<\/p>\n<\/div>\n<\/div>    <\/div>\n<\/div>\n<!-- \/module plain text -->        <\/div>\n                    <div  data-lazy=\"1\" class=\"module_column sub_column col3-1 tb_mplj516 last\">\n                    <!-- module plain text -->\n<div  class=\"module module-plain-text tb_qjl4516 \" data-lazy=\"1\">\n        <div class=\"tb_text_wrap\">\n    <div class=\"bloque_especial\">\n<img decoding=\"async\" src=\"\/wp-content\/uploads\/2019\/08\/more_than_fusion_frame_3.svg\" alt=\"Borde Gradiente\" \/>\n<div class=\"bloque_texto\">\n<p>Disfruta del <span>sinf\u00edn de posibilidades<\/span> que te ofrece la carta: desde un divertido picoteo hasta una cena rom\u00e1ntica a la luz de las velas. Para nosotros, como m\u00e1s se disfruta de la comida es compartiendo, pero \u00a1la elecci\u00f3n es tuya!<\/p>\n<\/div>\n<\/div>    <\/div>\n<\/div>\n<!-- \/module plain text -->        <\/div>\n                    <\/div>\n                <div  data-lazy=\"1\" class=\"module_subrow themify_builder_sub_row tf_w col_align_top tb_col_count_1 tb_kycs516\">\n                <div  data-lazy=\"1\" class=\"module_column sub_column col-full tb_clvv516 first\">\n                    <!-- module plain text -->\n<div  class=\"module module-plain-text tb_fl3v516 texto\" data-lazy=\"1\">\n        <div class=\"tb_text_wrap\">\n    <p>La variedad tambi\u00e9n se refleja en las 23 nacionalidades que conforman nuestro equipo y conviven en Mar Y Mar, cada uno con una personalidad e historia diferentes.<\/p>\n<p>\u00bfEst\u00e1s listo para la experiencia Mar Y Mar?<\/p>\n<h5>Disfruta de este viaje para los sentidos<\/h5>    <\/div>\n<\/div>\n<!-- \/module plain text -->        <\/div>\n                    <\/div>\n                <\/div>\n                        <\/div>\n        <\/div>\n                        <div  data-anchor=\"la-carta\" data-css_id=\"fpwj513\" data-lazy=\"1\" class=\"module_row themify_builder_row home_seccion_3 fullwidth_row_container tb_has_section tb_section-la-carta tb_fpwj513 tf_w\">\n                        <div class=\"row_inner col_align_top tb_col_count_1 tf_box tf_rel\">\n                        <div  data-lazy=\"1\" class=\"module_column tb-column col-full tb_2o1o517 first\">\n                    <!-- module plain text -->\n<div  class=\"module module-plain-text tb_f7ma517 \" data-lazy=\"1\">\n        <div class=\"tb_text_wrap\">\n    <img decoding=\"async\" src=\"\/wp-content\/uploads\/2019\/08\/heading_the_menu.svg\" alt=\"More than Fusion\" class=\"titulo_antes\" \/>\n\n<h3>La Carta<\/h3>\n<h4>\u00bfQu\u00e9 te apetece hoy?<\/h4>    <\/div>\n<\/div>\n<!-- \/module plain text -->        <div  data-lazy=\"1\" class=\"module_subrow themify_builder_sub_row tf_w gutter-narrow col_align_top tb_col_count_2 tb_3h7v517\">\n                <div  data-lazy=\"1\" class=\"module_column sub_column col2-1 tb_vf1h517 first\">\n                    <!-- module plain text -->\n<div  class=\"module module-plain-text tb_4hou517 bloque\" data-lazy=\"1\">\n        <div class=\"tb_text_wrap\">\n    <p>Seas de aqu\u00ed o de all\u00ed, de mar o de tierra, deja que Mar Y Mar mime tu paladar.<\/p>\n\n<p>Nuestra carta cambia cada temporada e incorpora platos de tendencia.<\/p>\n    <\/div>\n<\/div>\n<!-- \/module plain text -->        <\/div>\n                    <div  data-lazy=\"1\" class=\"module_column sub_column col2-1 tb_dqld517 last\">\n                    <!-- module plain text -->\n<div  class=\"module module-plain-text tb_0j8c517 bloque\" data-lazy=\"1\">\n        <div class=\"tb_text_wrap\">\n    <p>Celebra en la mejor compa\u00f1\u00eda. Disfruta un momento de relajaci\u00f3n con la familia, amigos o contigo mismo. Hemos creado un men\u00fa especial de aperitivos para disfrutar mientras tus pies est\u00e1n en la arena. <\/p>\n<p>\u00bfDulce o salado? \u00bfPara qu\u00e9 est\u00e1s de humor?<\/p>    <\/div>\n<\/div>\n<!-- \/module plain text -->        <\/div>\n                    <\/div>\n                <\/div>\n                        <\/div>\n        <\/div>\n                        <div  data-css_id=\"w2hm103\" data-lazy=\"1\" class=\"module_row themify_builder_row home_seccion_4 fullwidth_row_container tb_w2hm103 tf_w\">\n                        <div class=\"row_inner gutter-narrow col_align_top tb_col_count_2 tf_box tf_rel\">\n                        <div  data-lazy=\"1\" class=\"module_column tb-column col4-2 tb_kp3d104 flex_bg first\">\n                    <!-- module image pro -->\n<div  class=\"module module-pro-image tb_wvsl105 filter-none effect-none fullwidth_image  tf_texti   entrance-effect-none\" data-lazy=\"1\" data-entrance-effect=\"none\" data-exit-effect=\"\" >\n\t\n    <div class=\"image-pro-wrap tf_rel tf_overflow tf_inline_b\">\n\t\t\t\t<div class=\"image-pro-flip-box-wrap tf_rel tf_w tf_overflow\">\n\t\t\t<div class=\"image-pro-flip-box tf_rel\">\n\n\t\t\t\t<img loading=\"lazy\" decoding=\"async\" width=\"558\" height=\"413\" src=\"http:\/\/www.marymar-mallorca.com\/wp-content\/uploads\/2019\/08\/the_menu_fondo_1.jpg\" class=\"wp-post-image wp-image-579\" title=\"&lt;a href=&quot;http:\/\/www.marymar-mallorca.com\/#the-menu&quot; target=&quot;_blank&quot;&gt;&lt;img src=&quot;\/wp-content\/uploads\/2019\/08\/carta_food.svg&quot; title=&quot;Delight Experience&quot; class=&quot;titulo_imagen&quot;&gt;&lt;\/a&gt;\" alt=\"&lt;a href=&quot;http:\/\/www.marymar-mallorca.com\/#the-menu&quot; target=&quot;_blank&quot;&gt;&lt;img src=&quot;\/wp-content\/uploads\/2019\/08\/carta_food.svg&quot; title=&quot;Delight Experience&quot; class=&quot;titulo_imagen&quot;&gt;&lt;\/a&gt;\" srcset=\"http:\/\/www.marymar-mallorca.com\/wp-content\/uploads\/2019\/08\/the_menu_fondo_1.jpg 558w, http:\/\/www.marymar-mallorca.com\/wp-content\/uploads\/2019\/08\/the_menu_fondo_1-300x222.jpg 300w\" sizes=\"auto, (max-width: 558px) 100vw, 558px\" \/>\n\t\t\t\t\t\t\t\t\t<div class=\"image-pro-overlay none tf_abs\">\n\n\t\t\t\t\t\t\n\t\t\t\t\t\t<div class=\"image-pro-overlay-inner\">\n\n\t\t\t\t\t\t\t\t\t\t\t\t\t\t\t<h4 class=\"image-pro-entity image-pro-title\"><a href=\"http:\/\/www.marymar-mallorca.com\/#the-menu\" target=\"_blank\"><img decoding=\"async\" src=\"\/wp-content\/uploads\/2019\/08\/carta_food.svg\" title=\"Delight Experience\" class=\"titulo_imagen\"><\/a><\/h4>\n\t\t\t\t\t\t\t\t\n\t\t\t\t\t\t\t\n\t\t\t\t\t\t\t\n\t\t\t\t\t\t<\/div>\n\t\t\t\t\t<\/div><!-- .image-pro-overlay -->\n\t\t\t\t\n\t\t\t<\/div>\n\t\t<\/div>\n\n    <\/div><!-- .image-pro-wrap -->\n\n\t\n\t\n\t<\/div><!-- \/module image pro --><!-- module plain text -->\n<div  class=\"module module-plain-text tb_e6qe105 contenedor_lista\" data-lazy=\"1\">\n        <div class=\"tb_text_wrap\">\n    <div class=\"listas\">\n<ul class=\"izquierda\">\n<li class=\"texto\">Todo el a\u00f1o<\/li>\n<\/ul>\n<ul class=\"derecha\">\n<li class=\"imagen\"><img decoding=\"async\" src=\"\/wp-content\/uploads\/2019\/08\/icono_sol.svg\" alt=\"Daytime\" \/><\/li>\n<li class=\"imagen\"><img decoding=\"async\" src=\"\/wp-content\/uploads\/2019\/08\/icono_luna.svg\" alt=\"Nighttime\" \/><\/li>\n<\/ul>\n<\/div>    <\/div>\n<\/div>\n<!-- \/module plain text --><!-- module plain text -->\n<div  class=\"module module-plain-text tb_mxte105 enlace\" data-lazy=\"1\">\n        <div class=\"tb_text_wrap\">\n    <a href=\"http:\/\/www.marymar-mallorca.com\/menu\/\">Ver men\u00fa completo<\/a>    <\/div>\n<\/div>\n<!-- \/module plain text -->        <\/div>\n                    <div  data-lazy=\"1\" class=\"module_column tb-column col4-2 tb_k1nu105 flex_bg last\">\n                    <!-- module image pro -->\n<div  class=\"module module-pro-image tb_q5xk106 filter-none effect-none fullwidth_image  tf_texti   entrance-effect-none\" data-lazy=\"1\" data-entrance-effect=\"none\" data-exit-effect=\"\" >\n\t\n    <div class=\"image-pro-wrap tf_rel tf_overflow tf_inline_b\">\n\t\t\t\t<div class=\"image-pro-flip-box-wrap tf_rel tf_w tf_overflow\">\n\t\t\t<div class=\"image-pro-flip-box tf_rel\">\n\n\t\t\t\t<img loading=\"lazy\" decoding=\"async\" width=\"558\" height=\"413\" src=\"http:\/\/www.marymar-mallorca.com\/wp-content\/uploads\/2019\/08\/the_menu_fondo_2.jpg\" class=\"wp-post-image wp-image-581\" title=\"&lt;a href=&quot;http:\/\/www.marymar-mallorca.com\/#the-menu&quot; target=&quot;_blank&quot;&gt;&lt;img src=&quot;\/wp-content\/uploads\/2019\/08\/carta_drinks.svg&quot; title=&quot;Delight Experience&quot; class=&quot;titulo_imagen&quot;&gt;&lt;\/a&gt;\" alt=\"&lt;a href=&quot;http:\/\/www.marymar-mallorca.com\/#the-menu&quot; target=&quot;_blank&quot;&gt;&lt;img src=&quot;\/wp-content\/uploads\/2019\/08\/carta_drinks.svg&quot; title=&quot;Delight Experience&quot; class=&quot;titulo_imagen&quot;&gt;&lt;\/a&gt;\" srcset=\"http:\/\/www.marymar-mallorca.com\/wp-content\/uploads\/2019\/08\/the_menu_fondo_2.jpg 558w, http:\/\/www.marymar-mallorca.com\/wp-content\/uploads\/2019\/08\/the_menu_fondo_2-300x222.jpg 300w\" sizes=\"auto, (max-width: 558px) 100vw, 558px\" \/>\n\t\t\t\t\t\t\t\t\t<div class=\"image-pro-overlay none tf_abs\">\n\n\t\t\t\t\t\t\n\t\t\t\t\t\t<div class=\"image-pro-overlay-inner\">\n\n\t\t\t\t\t\t\t\t\t\t\t\t\t\t\t<h4 class=\"image-pro-entity image-pro-title\"><a href=\"http:\/\/www.marymar-mallorca.com\/#the-menu\" target=\"_blank\"><img decoding=\"async\" src=\"\/wp-content\/uploads\/2019\/08\/carta_drinks.svg\" title=\"Delight Experience\" class=\"titulo_imagen\"><\/a><\/h4>\n\t\t\t\t\t\t\t\t\n\t\t\t\t\t\t\t\n\t\t\t\t\t\t\t\n\t\t\t\t\t\t<\/div>\n\t\t\t\t\t<\/div><!-- .image-pro-overlay -->\n\t\t\t\t\n\t\t\t<\/div>\n\t\t<\/div>\n\n    <\/div><!-- .image-pro-wrap -->\n\n\t\n\t\n\t<\/div><!-- \/module image pro --><!-- module plain text -->\n<div  class=\"module module-plain-text tb_0tf9106 contenedor_lista\" data-lazy=\"1\">\n        <div class=\"tb_text_wrap\">\n    <div class=\"listas\">\n<ul class=\"izquierda\">\n<li class=\"texto\">Abril &#8211; Noviembre<\/li>\n<\/ul>\n<ul class=\"derecha\">\n<li  class=\"imagen\"><img decoding=\"async\" src=\"\/wp-content\/uploads\/2019\/08\/icono_sol.svg\" alt=\"Daytime\" \/><\/li>\n<\/ul>\n<\/div>    <\/div>\n<\/div>\n<!-- \/module plain text --><!-- module plain text -->\n<div  class=\"module module-plain-text tb_jnx6106 enlace\" data-lazy=\"1\">\n        <div class=\"tb_text_wrap\">\n    <a href=\"http:\/\/www.marymar-mallorca.com\/menu\/\">Ver men\u00fa completo<\/a>    <\/div>\n<\/div>\n<!-- \/module plain text -->        <\/div>\n                        <\/div>\n        <\/div>\n                        <div  data-css_id=\"7eup493\" data-lazy=\"1\" class=\"module_row themify_builder_row home_seccion_5 fullwidth_row_container tb_7eup493 tf_w\">\n                        <div class=\"row_inner col_align_top tb_col_count_1 tf_box tf_rel\">\n                        <div  data-lazy=\"1\" class=\"module_column tb-column col-full tb_4j8y493 first\">\n                    <!-- module plain text -->\n<div  class=\"module module-plain-text tb_zym6493 grid-container\" data-lazy=\"1\">\n        <div class=\"tb_text_wrap\">\n    <div class=\"grid-container\">\n  <div class=\"div1\">\n    <img decoding=\"async\" src=\"\/wp-content\/uploads\/2019\/08\/the_menu_tiki_bar_blanco.svg\" alt=\"Tiki bar\" title=\"Tiki Bar\" class=\"imagen_logo\" \/>\n  <\/div>\n  <div class=\"div2\">\n    <h4>And if this summer you want to be surprised and enjoy something more than the typical cocktails, we&#8217;ll wait for you from 6 PM in our Tiki Bar.<\/h4>\n    <div class=\"enlace\">\n        <a href=\"http:\/\/www.marymar-mallorca.com\/#the-menu\" target=\"_blank\">View the full menu<\/a>\n    <\/div>\n   <\/div>\n  <div class=\"div3\">\n    <ul>\n        <li class=\"texto\">Abril &#8211; Noviembre desde 6:00 PM<\/li>\n        <li class=\"imagen\"><img decoding=\"async\" src=\"\/wp-content\/uploads\/2019\/08\/icono_luna.svg\" alt=\"Nighttime\" \/><\/li>\n    <\/ul>\n   <\/div>\n<\/div>    <\/div>\n<\/div>\n<!-- \/module plain text -->        <\/div>\n                        <\/div>\n        <\/div>\n                        <div  data-anchor=\"galeria\" data-css_id=\"49t5816\" data-lazy=\"1\" class=\"module_row themify_builder_row home_seccion_6 fullwidth_row_container tb_has_section tb_section-galeria tb_49t5816 tf_w\">\n                        <div class=\"row_inner gutter-narrow col_align_top tb_col_count_2 tf_box tf_rel\">\n                        <div  data-lazy=\"1\" class=\"module_column tb-column col4-2 tb_4n78817 first\">\n                    <!-- module plain text -->\n<div  class=\"module module-plain-text tb_66ui817 fondo_mancha\" data-lazy=\"1\">\n        <div class=\"tb_text_wrap\">\n    <h3>Celebra cada momento<\/h3>\n<h4>Tu mesa est\u00e1 preparada<br>\nNo te lo imagines m\u00e1s<br>\nv\u00edvelo.<\/h4>\n<div class=\"cuadro\">\n<span>Abierto todo el a\u00f1o<\/span>\n<\/div>    <\/div>\n<\/div>\n<!-- \/module plain text -->        <\/div>\n                    <div  data-lazy=\"1\" class=\"module_column tb-column col4-2 tb_z24d818 last\">\n                            <\/div>\n                        <\/div>\n        <\/div>\n                        <div  data-anchor=\"el-lugar\" data-css_id=\"1lq3513\" data-lazy=\"1\" class=\"module_row themify_builder_row home_seccion_7 fullwidth_row_container tb_has_section tb_section-el-lugar tb_1lq3513 tf_w\">\n                        <div class=\"row_inner col_align_top tb_col_count_1 tf_box tf_rel\">\n                        <div  data-lazy=\"1\" class=\"module_column tb-column col-full tb_qhcr521 first\">\n                    <!-- module plain text -->\n<div  class=\"module module-plain-text tb_3kmz522 \" data-lazy=\"1\">\n        <div class=\"tb_text_wrap\">\n    <img decoding=\"async\" src=\"\/wp-content\/uploads\/2019\/08\/heading_the_place.svg\" alt=\"The Place\" class=\"titulo_antes\" \/>\n<h3>El Lugar<\/h3>\n<h4>Vive la Metamorfosis de Mar y Mar<\/h4>\n<p><span>5 zonas diferentes<\/span> para que tus planes siempre salgan bien, sea la hora que sea y est\u00e9s con qui\u00e9n est\u00e9s, aqu\u00ed te sentir\u00e1s libre.<\/p>    <\/div>\n<\/div>\n<!-- \/module plain text -->        <\/div>\n                        <\/div>\n        <\/div>\n                        <div  data-anchor=\"el-lugar\" data-css_id=\"q392513\" data-lazy=\"1\" class=\"module_row themify_builder_row home_seccion_8 fullwidth_row_container tb_has_section tb_section-el-lugar tb_q392513 tf_w\">\n                        <div class=\"row_inner col_align_top tb_col_count_1 tf_box tf_rel\">\n                        <div  data-lazy=\"1\" class=\"module_column tb-column col-full tb_f7nr522 first\">\n                            <div  data-lazy=\"1\" class=\"module_subrow themify_builder_sub_row tf_w constraint flex_reverse gutter-none col_align_middle tb_col_count_2 tb_aufr522\">\n                <div  data-lazy=\"1\" class=\"module_column sub_column col3-2 tb_7vr7522 first\">\n                            <\/div>\n                    <div  data-lazy=\"1\" class=\"module_column sub_column col3-1 tb_ca9t523 last\">\n                    <!-- module plain text -->\n<div  class=\"module module-plain-text tb_wly2523 \" data-lazy=\"1\">\n        <div class=\"tb_text_wrap\">\n    <h4>La Terraza<\/h4>\n<h5>Elegante<\/h5>    <\/div>\n<\/div>\n<!-- \/module plain text -->        <\/div>\n                    <\/div>\n                <div  data-lazy=\"1\" class=\"module_subrow themify_builder_sub_row tf_w constraint gutter-none col_align_middle tb_col_count_2 tb_e5jv523\">\n                <div  data-lazy=\"1\" class=\"module_column sub_column col3-1 tb_j655523 first\">\n                    <!-- module plain text -->\n<div  class=\"module module-plain-text tb_ckay523 \" data-lazy=\"1\">\n        <div class=\"tb_text_wrap\">\n    <h4>El Chiringuito<\/h4>\n<h5>So\u00f1adora<\/h5>    <\/div>\n<\/div>\n<!-- \/module plain text -->        <\/div>\n                    <div  data-lazy=\"1\" class=\"module_column sub_column col3-2 tb_riyi523 last\">\n                            <\/div>\n                    <\/div>\n                <div  data-lazy=\"1\" class=\"module_subrow themify_builder_sub_row tf_w constraint flex_reverse gutter-none col_align_middle tb_col_count_2 tb_jyxx524\">\n                <div  data-lazy=\"1\" class=\"module_column sub_column col3-2 tb_36ap524 first\">\n                            <\/div>\n                    <div  data-lazy=\"1\" class=\"module_column sub_column col3-1 tb_cray524 last\">\n                    <!-- module plain text -->\n<div  class=\"module module-plain-text tb_d51z524 \" data-lazy=\"1\">\n        <div class=\"tb_text_wrap\">\n    <h4>El Sal\u00f3n Interior<\/h4>\n<h5>Curiosa<\/h5>    <\/div>\n<\/div>\n<!-- \/module plain text -->        <\/div>\n                    <\/div>\n                <div  data-lazy=\"1\" class=\"module_subrow themify_builder_sub_row tf_w constraint gutter-none col_align_middle tb_col_count_2 tb_g8sy524\">\n                <div  data-lazy=\"1\" class=\"module_column sub_column col3-1 tb_hyn2524 first\">\n                    <!-- module plain text -->\n<div  class=\"module module-plain-text tb_1y7f524 \" data-lazy=\"1\">\n        <div class=\"tb_text_wrap\">\n    <h4>El Lounge<\/h4>\n<h5>Rom\u00e1ntica<\/h5>    <\/div>\n<\/div>\n<!-- \/module plain text -->        <\/div>\n                    <div  data-lazy=\"1\" class=\"module_column sub_column col3-2 tb_1opv525 last\">\n                            <\/div>\n                    <\/div>\n                <div  data-lazy=\"1\" class=\"module_subrow themify_builder_sub_row tf_w constraint flex_reverse gutter-none col_align_middle tb_col_count_2 tb_ux9z525\">\n                <div  data-lazy=\"1\" class=\"module_column sub_column col3-2 tb_vegt525 first\">\n                            <\/div>\n                    <div  data-lazy=\"1\" class=\"module_column sub_column col3-1 tb_9tl6525 last\">\n                    <!-- module plain text -->\n<div  class=\"module module-plain-text tb_rzpa525 \" data-lazy=\"1\">\n        <div class=\"tb_text_wrap\">\n    <h4>La Tarima<\/h4>\n<h5>Vibrante<\/h5>    <\/div>\n<\/div>\n<!-- \/module plain text -->        <\/div>\n                    <\/div>\n                <\/div>\n                        <\/div>\n        <\/div>\n                        <div  data-css_id=\"t0fs513\" data-lazy=\"1\" class=\"module_row themify_builder_row home_seccion_9 fullwidth_row_container tb_t0fs513 tf_w\">\n                        <div class=\"row_inner col_align_top tb_col_count_1 tf_box tf_rel\">\n                        <div  data-lazy=\"1\" class=\"module_column tb-column col-full tb_l88v526 first\">\n                    <!-- module plain text -->\n<div  class=\"module module-plain-text tb_bg8f526 \" data-lazy=\"1\">\n        <div class=\"tb_text_wrap\">\n    <p><span>5 different personalities<\/span> for day and night. One paradise<\/p>\n<h5>The one and only Mar y mar<\/h5>    <\/div>\n<\/div>\n<!-- \/module plain text -->        <\/div>\n                        <\/div>\n        <\/div>\n                        <div  data-anchor=\"equipo\" data-css_id=\"g3ta513\" data-lazy=\"1\" class=\"module_row themify_builder_row home_seccion_10 fullwidth_row_container tb_has_section tb_section-equipo tb_g3ta513 tf_w\">\n                        <div class=\"row_inner col_align_top tb_col_count_1 tf_box tf_rel\">\n                        <div  data-lazy=\"1\" class=\"module_column tb-column col-full tb_7of3526 first\">\n                    <!-- module plain text -->\n<div  class=\"module module-plain-text tb_uxa8526 \" data-lazy=\"1\">\n        <div class=\"tb_text_wrap\">\n    <img decoding=\"async\" src=\"\/wp-content\/uploads\/2019\/08\/heading_the_team.svg\" alt=\"The Team\" class=\"titulo_antes\" \/>\n\n<h3>El Equipo<\/h3>\n<h4>Con\u00f3cenos<\/h4>    <\/div>\n<\/div>\n<!-- \/module plain text --><!-- module plain text -->\n<div  class=\"module module-plain-text tb_3m44527 \" data-lazy=\"1\">\n        <div class=\"tb_text_wrap\">\n    <div class=\"border_one\">\n<div class=\"border_two\">\n<p>De origen italoalem\u00e1n con influencias de la costa de Miami, <span>Kim y Matteo<\/span> nos traen un nuevo concepto.<\/p>\n<p><span>Una nueva forma de concebir la gastronom\u00eda mediterr\u00e1nea.<\/span><\/p>\n<\/div>\n<\/div>    <\/div>\n<\/div>\n<!-- \/module plain text -->        <\/div>\n                        <\/div>\n        <\/div>\n                        <div  data-lazy=\"1\" class=\"module_row themify_builder_row tb_a3yj355 tf_w\">\n                        <div class=\"row_inner col_align_top tb_col_count_1 tf_box tf_rel\">\n                        <div  data-lazy=\"1\" class=\"module_column tb-column col-full tb_edmq356 first\">\n                    <!-- module buttons -->\n<div  class=\"module module-buttons tb_9133205 buttons-horizontal solid  squared wow\" data-tf-animation=\"flash\" data-tf-animation_repeat=\"5\" data-lazy=\"1\">\n        <div class=\"module-buttons-item tf_in_flx\">\n                        <a href=\"https:\/\/marymar.myrestoo.net\/en\/reservar\" class=\"ui builder_button tf_in_flx orange\" >\n                                                Reserva una mesa                                        <\/a>\n                <\/div>\n            <\/div>\n<!-- \/module buttons -->\n        <\/div>\n                        <\/div>\n        <\/div>\n        <\/div>\n<!--\/themify_builder_content-->","protected":false},"excerpt":{"rendered":"<p>Mar y Mar Restaurante &#038; Beach Bar Es m\u00e1s que otra parada en el camino. D\u00e9jate llevar. Sum\u00e9rgete en 5 ambientes diferentes y det\u00e9n el reloj. RESERVA UNA MESA M\u00e1s que Fusi\u00f3n Texturas, sabores y sensaciones capaces de hipnotizarte. Materias primas locales de km. 0 combinadas con vibrantes sabores internacionales Encuentra tu oasis particular y [&hellip;]<\/p>\n","protected":false},"author":9,"featured_media":0,"parent":0,"menu_order":0,"comment_status":"closed","ping_status":"open","template":"","meta":{"footnotes":""},"class_list":["post-729","page","type-page","status-publish","hentry","has-post-title","has-post-date","has-post-category","has-post-tag","has-post-comment","has-post-author",""],"_links":{"self":[{"href":"http:\/\/www.marymar-mallorca.com\/es\/wp-json\/wp\/v2\/pages\/729","targetHints":{"allow":["GET"]}}],"collection":[{"href":"http:\/\/www.marymar-mallorca.com\/es\/wp-json\/wp\/v2\/pages"}],"about":[{"href":"http:\/\/www.marymar-mallorca.com\/es\/wp-json\/wp\/v2\/types\/page"}],"author":[{"embeddable":true,"href":"http:\/\/www.marymar-mallorca.com\/es\/wp-json\/wp\/v2\/users\/9"}],"replies":[{"embeddable":true,"href":"http:\/\/www.marymar-mallorca.com\/es\/wp-json\/wp\/v2\/comments?post=729"}],"version-history":[{"count":64,"href":"http:\/\/www.marymar-mallorca.com\/es\/wp-json\/wp\/v2\/pages\/729\/revisions"}],"predecessor-version":[{"id":3490,"href":"http:\/\/www.marymar-mallorca.com\/es\/wp-json\/wp\/v2\/pages\/729\/revisions\/3490"}],"wp:attachment":[{"href":"http:\/\/www.marymar-mallorca.com\/es\/wp-json\/wp\/v2\/media?parent=729"}],"curies":[{"name":"wp","href":"https:\/\/api.w.org\/{rel}","templated":true}]}}